{"id":1014,"date":"2025-06-30T19:55:19","date_gmt":"2025-06-30T19:55:19","guid":{"rendered":"https:\/\/recyship.com\/?page_id=1014"},"modified":"2025-09-12T21:28:40","modified_gmt":"2025-09-12T21:28:40","slug":"venta-de-buques","status":"publish","type":"page","link":"https:\/\/recyship.com\/?page_id=1014&lang=es","title":{"rendered":"Venta de buques"},"content":{"rendered":"<div class=\"fusion-fullwidth fullwidth-box fusion-builder-row-1 fusion-flex-container nonhundred-percent-fullwidth non-hundred-percent-height-scrolling\" style=\"--awb-border-radius-top-left:0px;--awb-border-radius-top-right:0px;--awb-border-radius-bottom-right:0px;--awb-border-radius-bottom-left:0px;--awb-padding-right:0px;--awb-padding-left:0px;--awb-flex-wrap:wrap;\" ><div class=\"fusion-builder-row fusion-row fusion-flex-align-items-flex-start fusion-flex-content-wrap\" style=\"max-width:1248px;margin-left: calc(-4% \/ 2 );margin-right: calc(-4% \/ 2 );\"><div class=\"fusion-layout-column fusion_builder_column fusion-builder-column-0 fusion_builder_column_1_1 1_1 fusion-flex-column fusion-animated\" style=\"--awb-bg-size:cover;--awb-width-large:100%;--awb-margin-top-large:0px;--awb-spacing-right-large:1.92%;--awb-margin-bottom-large:20px;--awb-spacing-left-large:1.92%;--awb-width-medium:100%;--awb-spacing-right-medium:1.92%;--awb-spacing-left-medium:1.92%;--awb-width-small:100%;--awb-spacing-right-small:1.92%;--awb-spacing-left-small:1.92%;\" data-animationType=\"fadeInUp\" data-animationDuration=\"1.0\" data-animationOffset=\"top-into-view\"><div class=\"fusion-column-wrapper fusion-column-has-shadow fusion-flex-justify-content-flex-start fusion-content-layout-column\"><div class=\"fusion-title title fusion-title-1 fusion-sep-none fusion-title-text fusion-title-size-three\" style=\"--awb-margin-top:40px;--awb-margin-bottom:30px;--awb-margin-top-small:40px;--awb-margin-bottom-small:30px;\"><h3 class=\"fusion-title-heading title-heading-left\" style=\"margin:0;\">Venta de buques<\/h3><\/div><div class=\"fusion-text fusion-text-1\"><p dir=\"auto\">La venta de buques se refiere al proceso estructurado mediante el cual las embarcaciones son compradas, vendidas y transferidas entre propietarios. Esta actividad abarca una amplia gama de tipos de buques, incluyendo cargueros a granel, petroleros, portacontenedores, ferries de pasajeros, buques de apoyo en alta mar y otras unidades altamente especializadas dise\u00f1adas para operaciones mar\u00edtimas espec\u00edficas.<\/p>\n<p dir=\"auto\">El proceso generalmente comienza con una valoraci\u00f3n exhaustiva del buque, considerando factores como la edad, el estado, el historial de mantenimiento, las especificaciones t\u00e9cnicas y las condiciones del mercado vigentes. Una vez establecida la valoraci\u00f3n, se llevan a cabo negociaciones entre el comprador y el vendedor, a menudo facilitadas por corredores de buques o consultores mar\u00edtimos especializados que ayudan a garantizar t\u00e9rminos justos y transparencia.<\/p>\n<p dir=\"auto\">Tras negociaciones exitosas, la transacci\u00f3n requiere una serie de pasos formales, incluyendo la redacci\u00f3n de contratos, la organizaci\u00f3n de inspecciones y encuestas, y la preparaci\u00f3n de documentaci\u00f3n como la factura de venta, certificados de clase y prueba de registro. En cada etapa, es esencial cumplir estrictamente con las regulaciones y convenciones mar\u00edtimas internacionales, como SOLAS, MARPOL y las directrices de la OMI, para salvaguardar tanto la integridad de la transacci\u00f3n como la operaci\u00f3n segura del buque bajo su nueva propiedad.<\/p>\n<p dir=\"auto\">En \u00faltima instancia, las ventas de buques no son solo transacciones financieras, sino tambi\u00e9n transiciones cr\u00edticas de activos mar\u00edtimos, donde una planificaci\u00f3n cuidadosa, precisi\u00f3n legal y adherencia regulatoria aseguran una transferencia fluida y segura de uno de los activos m\u00e1s valiosos y complejos en el comercio global.<\/p>\n<\/div><\/div><\/div><\/div><\/div>\n","protected":false},"excerpt":{"rendered":"","protected":false},"author":1,"featured_media":1224,"parent":1024,"menu_order":0,"comment_status":"closed","ping_status":"closed","template":"100-width.php","meta":{"footnotes":""},"class_list":["post-1014","page","type-page","status-publish","has-post-thumbnail","hentry"],"_links":{"self":[{"href":"https:\/\/recyship.com\/index.php?rest_route=\/wp\/v2\/pages\/1014","targetHints":{"allow":["GET"]}}],"collection":[{"href":"https:\/\/recyship.com\/index.php?rest_route=\/wp\/v2\/pages"}],"about":[{"href":"https:\/\/recyship.com\/index.php?rest_route=\/wp\/v2\/types\/page"}],"author":[{"embeddable":true,"href":"https:\/\/recyship.com\/index.php?rest_route=\/wp\/v2\/users\/1"}],"replies":[{"embeddable":true,"href":"https:\/\/recyship.com\/index.php?rest_route=%2Fwp%2Fv2%2Fcomments&post=1014"}],"version-history":[{"count":3,"href":"https:\/\/recyship.com\/index.php?rest_route=\/wp\/v2\/pages\/1014\/revisions"}],"predecessor-version":[{"id":2513,"href":"https:\/\/recyship.com\/index.php?rest_route=\/wp\/v2\/pages\/1014\/revisions\/2513"}],"up":[{"embeddable":true,"href":"https:\/\/recyship.com\/index.php?rest_route=\/wp\/v2\/pages\/1024"}],"wp:featuredmedia":[{"embeddable":true,"href":"https:\/\/recyship.com\/index.php?rest_route=\/wp\/v2\/media\/1224"}],"wp:attachment":[{"href":"https:\/\/recyship.com\/index.php?rest_route=%2Fwp%2Fv2%2Fmedia&parent=1014"}],"curies":[{"name":"wp","href":"https:\/\/api.w.org\/{rel}","templated":true}]}}