{"id":1018,"date":"2025-06-30T19:57:00","date_gmt":"2025-06-30T19:57:00","guid":{"rendered":"https:\/\/recyship.com\/?page_id=1018"},"modified":"2025-09-12T21:28:18","modified_gmt":"2025-09-12T21:28:18","slug":"ingenieria-naval","status":"publish","type":"page","link":"https:\/\/recyship.com\/?page_id=1018&lang=es","title":{"rendered":"Ingenier\u00eda Naval"},"content":{"rendered":"<div class=\"fusion-fullwidth fullwidth-box fusion-builder-row-1 fusion-flex-container nonhundred-percent-fullwidth non-hundred-percent-height-scrolling\" style=\"--awb-border-radius-top-left:0px;--awb-border-radius-top-right:0px;--awb-border-radius-bottom-right:0px;--awb-border-radius-bottom-left:0px;--awb-padding-right:0px;--awb-padding-left:0px;--awb-flex-wrap:wrap;\" ><div class=\"fusion-builder-row fusion-row fusion-flex-align-items-flex-start fusion-flex-content-wrap\" style=\"max-width:1248px;margin-left: calc(-4% \/ 2 );margin-right: calc(-4% \/ 2 );\"><div class=\"fusion-layout-column fusion_builder_column fusion-builder-column-0 fusion_builder_column_1_1 1_1 fusion-flex-column fusion-animated\" style=\"--awb-bg-size:cover;--awb-width-large:100%;--awb-margin-top-large:0px;--awb-spacing-right-large:1.92%;--awb-margin-bottom-large:20px;--awb-spacing-left-large:1.92%;--awb-width-medium:100%;--awb-spacing-right-medium:1.92%;--awb-spacing-left-medium:1.92%;--awb-width-small:100%;--awb-spacing-right-small:1.92%;--awb-spacing-left-small:1.92%;\" data-animationType=\"fadeInUp\" data-animationDuration=\"1.0\" data-animationOffset=\"top-into-view\"><div class=\"fusion-column-wrapper fusion-column-has-shadow fusion-flex-justify-content-flex-start fusion-content-layout-column\"><div class=\"fusion-title title fusion-title-1 fusion-sep-none fusion-title-text fusion-title-size-three\" style=\"--awb-margin-top:40px;--awb-margin-bottom:30px;--awb-margin-top-small:40px;--awb-margin-bottom-small:30px;\"><h3 class=\"fusion-title-heading title-heading-left\" style=\"margin:0;\">Ingenier\u00eda Naval<\/h3><\/div><div class=\"fusion-text fusion-text-1\"><p data-start=\"91\" data-end=\"592\">El campo de la ingenier\u00eda naval est\u00e1 adoptando cada vez con mayor fuerza los principios de la <strong data-start=\"185\" data-end=\"206\">econom\u00eda circular<\/strong>, situando la <strong data-start=\"220\" data-end=\"278\">reutilizaci\u00f3n, el reciclaje y la reducci\u00f3n de residuos<\/strong> como pilares esenciales de la sostenibilidad. Este enfoque se refleja desde las fases iniciales del dise\u00f1o, donde cada vez m\u00e1s se apuesta por buques construidos con <strong data-start=\"444\" data-end=\"483\">materiales modulares y desmontables<\/strong>, lo que permite facilitar su desguace y maximizar la recuperaci\u00f3n de componentes al final de su vida \u00fatil.<\/p>\n<p data-start=\"594\" data-end=\"1056\">Adem\u00e1s, se est\u00e1n implementando <strong data-start=\"625\" data-end=\"652\">tecnolog\u00edas innovadoras<\/strong> que prolongan la vida operativa de las embarcaciones mediante el mantenimiento predictivo y el uso de recubrimientos m\u00e1s duraderos y menos contaminantes. El objetivo no es solo alargar la vida \u00fatil de los buques, sino tambi\u00e9n asegurar que, cuando llegue el momento de retirarlos, los materiales puedan reincorporarse a la cadena productiva de manera eficiente y con el menor impacto ambiental posible.<\/p>\n<p data-start=\"1058\" data-end=\"1344\">De este modo, la ingenier\u00eda naval no solo responde a las <strong data-start=\"1115\" data-end=\"1158\">exigencias regulatorias internacionales<\/strong> en materia de sostenibilidad, sino que tambi\u00e9n se alinea con una creciente demanda del sector mar\u00edtimo por soluciones m\u00e1s responsables, eficientes y respetuosas con el medio ambiente.<\/p>\n<\/div><\/div><\/div><\/div><\/div>\n","protected":false},"excerpt":{"rendered":"","protected":false},"author":1,"featured_media":1227,"parent":1024,"menu_order":0,"comment_status":"closed","ping_status":"closed","template":"100-width.php","meta":{"footnotes":""},"class_list":["post-1018","page","type-page","status-publish","has-post-thumbnail","hentry"],"_links":{"self":[{"href":"https:\/\/recyship.com\/index.php?rest_route=\/wp\/v2\/pages\/1018","targetHints":{"allow":["GET"]}}],"collection":[{"href":"https:\/\/recyship.com\/index.php?rest_route=\/wp\/v2\/pages"}],"about":[{"href":"https:\/\/recyship.com\/index.php?rest_route=\/wp\/v2\/types\/page"}],"author":[{"embeddable":true,"href":"https:\/\/recyship.com\/index.php?rest_route=\/wp\/v2\/users\/1"}],"replies":[{"embeddable":true,"href":"https:\/\/recyship.com\/index.php?rest_route=%2Fwp%2Fv2%2Fcomments&post=1018"}],"version-history":[{"count":4,"href":"https:\/\/recyship.com\/index.php?rest_route=\/wp\/v2\/pages\/1018\/revisions"}],"predecessor-version":[{"id":2505,"href":"https:\/\/recyship.com\/index.php?rest_route=\/wp\/v2\/pages\/1018\/revisions\/2505"}],"up":[{"embeddable":true,"href":"https:\/\/recyship.com\/index.php?rest_route=\/wp\/v2\/pages\/1024"}],"wp:featuredmedia":[{"embeddable":true,"href":"https:\/\/recyship.com\/index.php?rest_route=\/wp\/v2\/media\/1227"}],"wp:attachment":[{"href":"https:\/\/recyship.com\/index.php?rest_route=%2Fwp%2Fv2%2Fmedia&parent=1018"}],"curies":[{"name":"wp","href":"https:\/\/api.w.org\/{rel}","templated":true}]}}