{"id":1035,"date":"2025-06-30T20:11:15","date_gmt":"2025-06-30T20:11:15","guid":{"rendered":"https:\/\/recyship.com\/?page_id=1035"},"modified":"2025-09-09T12:22:34","modified_gmt":"2025-09-09T12:22:34","slug":"sobre-nosotros","status":"publish","type":"page","link":"https:\/\/recyship.com\/?page_id=1035&lang=es","title":{"rendered":"Instalaciones"},"content":{"rendered":"<p><div class=\"fusion-fullwidth fullwidth-box fusion-builder-row-1 fusion-flex-container has-pattern-background has-mask-background nonhundred-percent-fullwidth non-hundred-percent-height-scrolling\" style=\"--awb-border-radius-top-left:0px;--awb-border-radius-top-right:0px;--awb-border-radius-bottom-right:0px;--awb-border-radius-bottom-left:0px;--awb-padding-top:5%;--awb-padding-bottom:2%;--awb-flex-wrap:wrap;\" ><div class=\"fusion-builder-row fusion-row fusion-flex-align-items-stretch fusion-flex-content-wrap\" style=\"max-width:1248px;margin-left: calc(-4% \/ 2 );margin-right: calc(-4% \/ 2 );\"><div class=\"fusion-layout-column fusion_builder_column fusion-builder-column-0 fusion_builder_column_1_2 1_2 fusion-flex-column fusion-animated\" style=\"--awb-bg-size:cover;--awb-width-large:50%;--awb-margin-top-large:0px;--awb-spacing-right-large:3.84%;--awb-margin-bottom-large:20px;--awb-spacing-left-large:3.84%;--awb-width-medium:50%;--awb-spacing-right-medium:3.84%;--awb-spacing-left-medium:3.84%;--awb-width-small:100%;--awb-spacing-right-small:1.92%;--awb-spacing-left-small:1.92%;\" data-animationType=\"fadeInLeft\" data-animationDuration=\"1.0\" data-animationOffset=\"top-into-view\"><div class=\"fusion-column-wrapper fusion-column-has-shadow fusion-flex-justify-content-flex-start fusion-content-layout-column\"><div class=\"fusion-image-element \" style=\"--awb-caption-title-font-family:var(--h2_typography-font-family);--awb-caption-title-font-weight:var(--h2_typography-font-weight);--awb-caption-title-font-style:var(--h2_typography-font-style);--awb-caption-title-size:var(--h2_typography-font-size);--awb-caption-title-transform:var(--h2_typography-text-transform);--awb-caption-title-line-height:var(--h2_typography-line-height);--awb-caption-title-letter-spacing:var(--h2_typography-letter-spacing);\"><span class=\" fusion-imageframe imageframe-none imageframe-1 hover-type-none\" style=\"border-radius:8px;\"><img decoding=\"async\" width=\"1024\" height=\"559\" title=\"instalaciones\" src=\"https:\/\/recyship.com\/wp-content\/uploads\/2025\/08\/instalaciones.jpg\" data-orig-src=\"https:\/\/recyship.com\/wp-content\/uploads\/2025\/08\/instalaciones.jpg\" alt class=\"lazyload img-responsive wp-image-2349\" srcset=\"data:image\/svg+xml,%3Csvg%20xmlns%3D%27http%3A%2F%2Fwww.w3.org%2F2000%2Fsvg%27%20width%3D%271024%27%20height%3D%27559%27%20viewBox%3D%270%200%201024%20559%27%3E%3Crect%20width%3D%271024%27%20height%3D%27559%27%20fill-opacity%3D%220%22%2F%3E%3C%2Fsvg%3E\" data-srcset=\"https:\/\/recyship.com\/wp-content\/uploads\/2025\/08\/instalaciones-200x109.jpg 200w, https:\/\/recyship.com\/wp-content\/uploads\/2025\/08\/instalaciones-400x218.jpg 400w, https:\/\/recyship.com\/wp-content\/uploads\/2025\/08\/instalaciones-600x328.jpg 600w, https:\/\/recyship.com\/wp-content\/uploads\/2025\/08\/instalaciones-800x437.jpg 800w, https:\/\/recyship.com\/wp-content\/uploads\/2025\/08\/instalaciones.jpg 1024w\" data-sizes=\"auto\" data-orig-sizes=\"(max-width: 700px) 100vw, 600px\" \/><\/span><\/div><\/div><\/div><div class=\"fusion-layout-column fusion_builder_column fusion-builder-column-1 fusion_builder_column_1_2 1_2 fusion-flex-column fusion-animated\" style=\"--awb-bg-size:cover;--awb-width-large:50%;--awb-margin-top-large:0px;--awb-spacing-right-large:3.84%;--awb-margin-bottom-large:20px;--awb-spacing-left-large:3.84%;--awb-width-medium:50%;--awb-order-medium:0;--awb-spacing-right-medium:3.84%;--awb-spacing-left-medium:3.84%;--awb-width-small:100%;--awb-order-small:0;--awb-spacing-right-small:1.92%;--awb-spacing-left-small:1.92%;\" data-animationType=\"fadeInRight\" data-animationDuration=\"1.0\" data-animationOffset=\"top-into-view\" data-scroll-devices=\"small-visibility,medium-visibility,large-visibility\"><div class=\"fusion-column-wrapper fusion-column-has-shadow fusion-flex-justify-content-flex-start fusion-content-layout-column\"><div class=\"fusion-text fusion-text-1\"><p data-spm-anchor-id=\"a2ty_o01.29997173.0.i0.55e7c921dmRp3p\">Nuestras instalaciones est\u00e1n dise\u00f1adas para garantizar un reciclaje eficiente, seguro y ambientalmente responsable. Ubicadas en zonas industriales costeras seleccionadas estrat\u00e9gicamente, cumplen con todos los requisitos del Convenio de Hong Kong, el Reglamento de Reciclaje de Buques de la Uni\u00f3n Europea (EU SRR) y la legislaci\u00f3n medioambiental de cada estado miembro correspondiente. Son auditadas peri\u00f3dicamente por sociedades de clasificaci\u00f3n internacionales.<\/p>\n<\/div><\/div><\/div><\/div><\/div><div class=\"fusion-fullwidth fullwidth-box fusion-builder-row-2 fusion-flex-container has-pattern-background has-mask-background nonhundred-percent-fullwidth non-hundred-percent-height-scrolling\" style=\"--awb-border-radius-top-left:0px;--awb-border-radius-top-right:0px;--awb-border-radius-bottom-right:0px;--awb-border-radius-bottom-left:0px;--awb-padding-top:2%;--awb-padding-bottom:2%;--awb-flex-wrap:wrap;\" ><div class=\"fusion-builder-row fusion-row fusion-flex-align-items-stretch fusion-flex-content-wrap\" style=\"max-width:1248px;margin-left: calc(-4% \/ 2 );margin-right: calc(-4% \/ 2 );\"><div class=\"fusion-layout-column fusion_builder_column fusion-builder-column-2 fusion_builder_column_1_2 1_2 fusion-flex-column fusion-animated\" style=\"--awb-bg-size:cover;--awb-width-large:50%;--awb-margin-top-large:0px;--awb-spacing-right-large:3.84%;--awb-margin-bottom-large:20px;--awb-spacing-left-large:3.84%;--awb-width-medium:50%;--awb-order-medium:0;--awb-spacing-right-medium:3.84%;--awb-spacing-left-medium:3.84%;--awb-width-small:100%;--awb-order-small:0;--awb-spacing-right-small:1.92%;--awb-spacing-left-small:1.92%;\" data-animationType=\"fadeInLeft\" data-animationDuration=\"1.0\" data-animationOffset=\"top-into-view\" data-scroll-devices=\"small-visibility,medium-visibility,large-visibility\"><div class=\"fusion-column-wrapper fusion-column-has-shadow fusion-flex-justify-content-flex-start fusion-content-layout-column\"><div class=\"fusion-text fusion-text-2\"><p data-start=\"0\" data-end=\"28\">Caracter\u00edsticas principales:<\/p>\n<ul data-start=\"30\" data-end=\"388\" data-is-last-node=\"\" data-is-only-node=\"\">\n<li data-start=\"30\" data-end=\"103\">\n<p data-start=\"32\" data-end=\"103\">Muelle de atraque reforzado para buques de hasta 400 metros de eslora<\/p>\n<\/li>\n<li data-start=\"104\" data-end=\"153\">\n<p data-start=\"106\" data-end=\"153\">Gr\u00faas de gran capacidad (hasta 150 toneladas)<\/p>\n<\/li>\n<li data-start=\"154\" data-end=\"228\">\n<p data-start=\"156\" data-end=\"228\">Plataforma elevada de desmantelamiento para evitar filtraciones al mar<\/p>\n<\/li>\n<li data-start=\"229\" data-end=\"282\">\n<p data-start=\"231\" data-end=\"282\">Sistemas de contenci\u00f3n de derrames y escorrent\u00edas<\/p>\n<\/li>\n<li data-start=\"283\" data-end=\"343\">\n<p data-start=\"285\" data-end=\"343\">Planta de tratamiento de residuos peligrosos en el lugar<\/p>\n<\/li>\n<li data-start=\"344\" data-end=\"388\" data-is-last-node=\"\">\n<p data-start=\"346\" data-end=\"388\" data-is-last-node=\"\">Sistema de Gesti\u00f3n Ambiental (EMS) digital<\/p>\n<\/li>\n<\/ul>\n<\/div><\/div><\/div><div class=\"fusion-layout-column fusion_builder_column fusion-builder-column-3 fusion_builder_column_1_2 1_2 fusion-flex-column fusion-animated\" style=\"--awb-bg-size:cover;--awb-width-large:50%;--awb-margin-top-large:0px;--awb-spacing-right-large:3.84%;--awb-margin-bottom-large:20px;--awb-spacing-left-large:3.84%;--awb-width-medium:50%;--awb-spacing-right-medium:3.84%;--awb-spacing-left-medium:3.84%;--awb-width-small:100%;--awb-spacing-right-small:1.92%;--awb-spacing-left-small:1.92%;\" data-animationType=\"fadeInRight\" data-animationDuration=\"1.0\" data-animationOffset=\"top-into-view\"><div class=\"fusion-column-wrapper fusion-column-has-shadow fusion-flex-justify-content-flex-start fusion-content-layout-column\"><div class=\"fusion-image-element \" style=\"--awb-caption-title-font-family:var(--h2_typography-font-family);--awb-caption-title-font-weight:var(--h2_typography-font-weight);--awb-caption-title-font-style:var(--h2_typography-font-style);--awb-caption-title-size:var(--h2_typography-font-size);--awb-caption-title-transform:var(--h2_typography-text-transform);--awb-caption-title-line-height:var(--h2_typography-line-height);--awb-caption-title-letter-spacing:var(--h2_typography-letter-spacing);\"><span class=\" fusion-imageframe imageframe-none imageframe-2 hover-type-none\" style=\"border-radius:8px;\"><img decoding=\"async\" width=\"1024\" height=\"559\" title=\"contaminacion\" src=\"https:\/\/recyship.com\/wp-content\/uploads\/2025\/08\/contaminacion.jpg\" data-orig-src=\"https:\/\/recyship.com\/wp-content\/uploads\/2025\/08\/contaminacion.jpg\" alt class=\"lazyload img-responsive wp-image-2348\" srcset=\"data:image\/svg+xml,%3Csvg%20xmlns%3D%27http%3A%2F%2Fwww.w3.org%2F2000%2Fsvg%27%20width%3D%271024%27%20height%3D%27559%27%20viewBox%3D%270%200%201024%20559%27%3E%3Crect%20width%3D%271024%27%20height%3D%27559%27%20fill-opacity%3D%220%22%2F%3E%3C%2Fsvg%3E\" data-srcset=\"https:\/\/recyship.com\/wp-content\/uploads\/2025\/08\/contaminacion-200x109.jpg 200w, https:\/\/recyship.com\/wp-content\/uploads\/2025\/08\/contaminacion-400x218.jpg 400w, https:\/\/recyship.com\/wp-content\/uploads\/2025\/08\/contaminacion-600x328.jpg 600w, https:\/\/recyship.com\/wp-content\/uploads\/2025\/08\/contaminacion-800x437.jpg 800w, https:\/\/recyship.com\/wp-content\/uploads\/2025\/08\/contaminacion.jpg 1024w\" data-sizes=\"auto\" data-orig-sizes=\"(max-width: 700px) 100vw, 600px\" \/><\/span><\/div><\/div><\/div><\/div><\/div><div class=\"fusion-fullwidth fullwidth-box fusion-builder-row-3 fusion-flex-container has-pattern-background has-mask-background nonhundred-percent-fullwidth non-hundred-percent-height-scrolling\" style=\"--awb-border-radius-top-left:0px;--awb-border-radius-top-right:0px;--awb-border-radius-bottom-right:0px;--awb-border-radius-bottom-left:0px;--awb-padding-top:2%;--awb-padding-bottom:2%;--awb-flex-wrap:wrap;\" ><div class=\"fusion-builder-row fusion-row fusion-flex-align-items-stretch fusion-flex-content-wrap\" style=\"max-width:1248px;margin-left: calc(-4% \/ 2 );margin-right: calc(-4% \/ 2 );\"><div class=\"fusion-layout-column fusion_builder_column fusion-builder-column-4 fusion_builder_column_1_2 1_2 fusion-flex-column fusion-animated\" style=\"--awb-bg-size:cover;--awb-width-large:50%;--awb-margin-top-large:0px;--awb-spacing-right-large:3.84%;--awb-margin-bottom-large:20px;--awb-spacing-left-large:3.84%;--awb-width-medium:50%;--awb-spacing-right-medium:3.84%;--awb-spacing-left-medium:3.84%;--awb-width-small:100%;--awb-spacing-right-small:1.92%;--awb-spacing-left-small:1.92%;\" data-animationType=\"fadeInRight\" data-animationDuration=\"1.0\" data-animationOffset=\"top-into-view\"><div class=\"fusion-column-wrapper fusion-column-has-shadow fusion-flex-justify-content-flex-start fusion-content-layout-column\"><div class=\"fusion-image-element \" style=\"--awb-caption-title-font-family:var(--h2_typography-font-family);--awb-caption-title-font-weight:var(--h2_typography-font-weight);--awb-caption-title-font-style:var(--h2_typography-font-style);--awb-caption-title-size:var(--h2_typography-font-size);--awb-caption-title-transform:var(--h2_typography-text-transform);--awb-caption-title-line-height:var(--h2_typography-line-height);--awb-caption-title-letter-spacing:var(--h2_typography-letter-spacing);\"><span class=\" fusion-imageframe imageframe-none imageframe-3 hover-type-none\" style=\"border-radius:8px;\"><img decoding=\"async\" width=\"1024\" height=\"559\" title=\"control\" src=\"https:\/\/recyship.com\/wp-content\/uploads\/2025\/08\/control.jpg\" data-orig-src=\"https:\/\/recyship.com\/wp-content\/uploads\/2025\/08\/control.jpg\" alt class=\"lazyload img-responsive wp-image-2350\" srcset=\"data:image\/svg+xml,%3Csvg%20xmlns%3D%27http%3A%2F%2Fwww.w3.org%2F2000%2Fsvg%27%20width%3D%271024%27%20height%3D%27559%27%20viewBox%3D%270%200%201024%20559%27%3E%3Crect%20width%3D%271024%27%20height%3D%27559%27%20fill-opacity%3D%220%22%2F%3E%3C%2Fsvg%3E\" data-srcset=\"https:\/\/recyship.com\/wp-content\/uploads\/2025\/08\/control-200x109.jpg 200w, https:\/\/recyship.com\/wp-content\/uploads\/2025\/08\/control-400x218.jpg 400w, https:\/\/recyship.com\/wp-content\/uploads\/2025\/08\/control-600x328.jpg 600w, https:\/\/recyship.com\/wp-content\/uploads\/2025\/08\/control-800x437.jpg 800w, https:\/\/recyship.com\/wp-content\/uploads\/2025\/08\/control.jpg 1024w\" data-sizes=\"auto\" data-orig-sizes=\"(max-width: 700px) 100vw, 600px\" \/><\/span><\/div><\/div><\/div><div class=\"fusion-layout-column fusion_builder_column fusion-builder-column-5 fusion_builder_column_1_2 1_2 fusion-flex-column fusion-animated\" style=\"--awb-bg-size:cover;--awb-width-large:50%;--awb-margin-top-large:0px;--awb-spacing-right-large:3.84%;--awb-margin-bottom-large:20px;--awb-spacing-left-large:3.84%;--awb-width-medium:50%;--awb-order-medium:0;--awb-spacing-right-medium:3.84%;--awb-spacing-left-medium:3.84%;--awb-width-small:100%;--awb-order-small:0;--awb-spacing-right-small:1.92%;--awb-spacing-left-small:1.92%;\" data-animationType=\"fadeInLeft\" data-animationDuration=\"1.0\" data-animationOffset=\"top-into-view\" data-scroll-devices=\"small-visibility,medium-visibility,large-visibility\"><div class=\"fusion-column-wrapper fusion-column-has-shadow fusion-flex-justify-content-flex-start fusion-content-layout-column\"><div class=\"fusion-text fusion-text-3\"><p>Todas nuestras operaciones de reciclaje se llevan a cabo fuera del agua, eliminando el riesgo de contaminaci\u00f3n marina. El buque es trasladado a una plataforma seca donde se realiza un desmantelamiento controlado, siguiendo un plan de reciclaje previamente aprobado.<\/p>\n<p>Adem\u00e1s, operamos un Centro de Control Ambiental que monitorea en tiempo real la calidad del aire, los niveles de ruido, las vibraciones y la gesti\u00f3n de residuos.<\/p>\n<\/div><\/div><\/div><\/div><\/div><\/p>\n","protected":false},"excerpt":{"rendered":"","protected":false},"author":1,"featured_media":0,"parent":2475,"menu_order":0,"comment_status":"closed","ping_status":"closed","template":"100-width.php","meta":{"footnotes":""},"class_list":["post-1035","page","type-page","status-publish","hentry"],"_links":{"self":[{"href":"https:\/\/recyship.com\/index.php?rest_route=\/wp\/v2\/pages\/1035","targetHints":{"allow":["GET"]}}],"collection":[{"href":"https:\/\/recyship.com\/index.php?rest_route=\/wp\/v2\/pages"}],"about":[{"href":"https:\/\/recyship.com\/index.php?rest_route=\/wp\/v2\/types\/page"}],"author":[{"embeddable":true,"href":"https:\/\/recyship.com\/index.php?rest_route=\/wp\/v2\/users\/1"}],"replies":[{"embeddable":true,"href":"https:\/\/recyship.com\/index.php?rest_route=%2Fwp%2Fv2%2Fcomments&post=1035"}],"version-history":[{"count":7,"href":"https:\/\/recyship.com\/index.php?rest_route=\/wp\/v2\/pages\/1035\/revisions"}],"predecessor-version":[{"id":2537,"href":"https:\/\/recyship.com\/index.php?rest_route=\/wp\/v2\/pages\/1035\/revisions\/2537"}],"up":[{"embeddable":true,"href":"https:\/\/recyship.com\/index.php?rest_route=\/wp\/v2\/pages\/2475"}],"wp:attachment":[{"href":"https:\/\/recyship.com\/index.php?rest_route=%2Fwp%2Fv2%2Fmedia&parent=1035"}],"curies":[{"name":"wp","href":"https:\/\/api.w.org\/{rel}","templated":true}]}}