{"id":2475,"date":"2025-09-01T20:51:06","date_gmt":"2025-09-01T20:51:06","guid":{"rendered":"https:\/\/recyship.com\/?page_id=2475"},"modified":"2025-09-13T07:21:36","modified_gmt":"2025-09-13T07:21:36","slug":"nosotros","status":"publish","type":"page","link":"https:\/\/recyship.com\/?page_id=2475&lang=es","title":{"rendered":"Nosotros"},"content":{"rendered":"<p><div class=\"fusion-fullwidth fullwidth-box fusion-builder-row-1 fusion-flex-container has-pattern-background has-mask-background nonhundred-percent-fullwidth non-hundred-percent-height-scrolling\" style=\"--awb-border-radius-top-left:0px;--awb-border-radius-top-right:0px;--awb-border-radius-bottom-right:0px;--awb-border-radius-bottom-left:0px;--awb-padding-top:5%;--awb-padding-bottom:2%;--awb-flex-wrap:wrap;\" ><div class=\"fusion-builder-row fusion-row fusion-flex-align-items-stretch fusion-flex-content-wrap\" style=\"max-width:1248px;margin-left: calc(-4% \/ 2 );margin-right: calc(-4% \/ 2 );\"><div class=\"fusion-layout-column fusion_builder_column fusion-builder-column-0 fusion_builder_column_1_2 1_2 fusion-flex-column fusion-animated\" style=\"--awb-bg-size:cover;--awb-width-large:50%;--awb-margin-top-large:0px;--awb-spacing-right-large:3.84%;--awb-margin-bottom-large:20px;--awb-spacing-left-large:3.84%;--awb-width-medium:50%;--awb-spacing-right-medium:3.84%;--awb-spacing-left-medium:3.84%;--awb-width-small:100%;--awb-spacing-right-small:1.92%;--awb-spacing-left-small:1.92%;\" data-animationType=\"fadeInLeft\" data-animationDuration=\"1.0\" data-animationOffset=\"top-into-view\"><div class=\"fusion-column-wrapper fusion-column-has-shadow fusion-flex-justify-content-flex-start fusion-content-layout-column\"><div class=\"fusion-image-element \" style=\"--awb-caption-title-font-family:var(--h2_typography-font-family);--awb-caption-title-font-weight:var(--h2_typography-font-weight);--awb-caption-title-font-style:var(--h2_typography-font-style);--awb-caption-title-size:var(--h2_typography-font-size);--awb-caption-title-transform:var(--h2_typography-text-transform);--awb-caption-title-line-height:var(--h2_typography-line-height);--awb-caption-title-letter-spacing:var(--h2_typography-letter-spacing);\"><span class=\" fusion-imageframe imageframe-none imageframe-1 hover-type-none\" style=\"border-radius:8px;\"><img decoding=\"async\" width=\"1125\" height=\"944\" title=\"ourmission\" src=\"https:\/\/recyship.com\/wp-content\/uploads\/2025\/07\/ourmission.jpg\" data-orig-src=\"https:\/\/recyship.com\/wp-content\/uploads\/2025\/07\/ourmission.jpg\" alt class=\"lazyload img-responsive wp-image-1147\" srcset=\"data:image\/svg+xml,%3Csvg%20xmlns%3D%27http%3A%2F%2Fwww.w3.org%2F2000%2Fsvg%27%20width%3D%271125%27%20height%3D%27944%27%20viewBox%3D%270%200%201125%20944%27%3E%3Crect%20width%3D%271125%27%20height%3D%27944%27%20fill-opacity%3D%220%22%2F%3E%3C%2Fsvg%3E\" data-srcset=\"https:\/\/recyship.com\/wp-content\/uploads\/2025\/07\/ourmission-200x168.jpg 200w, https:\/\/recyship.com\/wp-content\/uploads\/2025\/07\/ourmission-400x336.jpg 400w, https:\/\/recyship.com\/wp-content\/uploads\/2025\/07\/ourmission-600x503.jpg 600w, https:\/\/recyship.com\/wp-content\/uploads\/2025\/07\/ourmission-800x671.jpg 800w, https:\/\/recyship.com\/wp-content\/uploads\/2025\/07\/ourmission.jpg 1125w\" data-sizes=\"auto\" data-orig-sizes=\"(max-width: 700px) 100vw, 600px\" \/><\/span><\/div><\/div><\/div><div class=\"fusion-layout-column fusion_builder_column fusion-builder-column-1 fusion_builder_column_1_2 1_2 fusion-flex-column fusion-animated\" style=\"--awb-bg-size:cover;--awb-width-large:50%;--awb-margin-top-large:0px;--awb-spacing-right-large:3.84%;--awb-margin-bottom-large:20px;--awb-spacing-left-large:3.84%;--awb-width-medium:50%;--awb-spacing-right-medium:3.84%;--awb-spacing-left-medium:3.84%;--awb-width-small:100%;--awb-spacing-right-small:1.92%;--awb-spacing-left-small:1.92%;\" data-animationType=\"fadeInRight\" data-animationDuration=\"1.0\" data-animationOffset=\"top-into-view\"><div class=\"fusion-column-wrapper fusion-column-has-shadow fusion-flex-justify-content-center fusion-content-layout-column\"><div class=\"fusion-text fusion-text-1\"><p data-spm-anchor-id=\"a2ty_o01.29997173.0.i0.55e7c921dmRp3p\"><strong>RecyShip<\/strong> es una empresa l\u00edder desde 2009 en el sector del reciclaje naval responsable. Operamos con transparencia, tecnolog\u00eda avanzada y compromiso medioambiental, garantizando que cada embarcaci\u00f3n sea desmantelada de forma segura, limpia y legal. Trabajamos en instalaciones autorizadas en toda la UE y fuera de la misma, y tenemos un equipo de ingenieros navales especializados, convertimos el acero, los metales y los componentes en recursos reutilizables, contribuyendo a una econom\u00eda circular en el sector mar\u00edtimo.<\/p>\n<p>En <strong>RecyShip<\/strong>, creemos que el final de la vida \u00fatil de un buque no debe marcar el inicio de un problema ambiental, sino el comienzo de una nueva cadena de valor sostenible.<\/p>\n<p>Fundada con una visi\u00f3n clara de responsabilidad industrial y cuidado del planeta, RecyShip se ha consolidado como referente en el reciclaje mar\u00edtimo \u00e9tico y certificado. Nuestra empresa combina ingenier\u00eda naval de precisi\u00f3n, gesti\u00f3n ambiental rigurosa y transparencia total en cada fase del proceso.<\/p>\n<\/div><\/div><\/div><\/div><\/div><div class=\"fusion-fullwidth fullwidth-box fusion-builder-row-2 fusion-flex-container has-pattern-background has-mask-background nonhundred-percent-fullwidth non-hundred-percent-height-scrolling\" style=\"--awb-border-radius-top-left:0px;--awb-border-radius-top-right:0px;--awb-border-radius-bottom-right:0px;--awb-border-radius-bottom-left:0px;--awb-padding-top:2%;--awb-padding-bottom:2%;--awb-flex-wrap:wrap;\" ><div class=\"fusion-builder-row fusion-row fusion-flex-align-items-stretch fusion-flex-content-wrap\" style=\"max-width:1248px;margin-left: calc(-4% \/ 2 );margin-right: calc(-4% \/ 2 );\"><div class=\"fusion-layout-column fusion_builder_column fusion-builder-column-2 fusion_builder_column_1_2 1_2 fusion-flex-column fusion-animated\" style=\"--awb-bg-size:cover;--awb-width-large:50%;--awb-margin-top-large:0px;--awb-spacing-right-large:3.84%;--awb-margin-bottom-large:20px;--awb-spacing-left-large:3.84%;--awb-width-medium:50%;--awb-spacing-right-medium:3.84%;--awb-spacing-left-medium:3.84%;--awb-width-small:100%;--awb-spacing-right-small:1.92%;--awb-spacing-left-small:1.92%;\" data-animationType=\"fadeInLeft\" data-animationDuration=\"1.0\" data-animationOffset=\"top-into-view\"><div class=\"fusion-column-wrapper fusion-column-has-shadow fusion-flex-justify-content-center fusion-content-layout-column\"><div class=\"fusion-text fusion-text-2\"><p>Fuimos promotores en Espa\u00f1a de las primeras instalaciones autorizadas como las de Navantia en C\u00e1diz en 2012 y Recyship Varadero en Castell\u00f3n en 2014.<\/p>\n<p>De 2009 a 2013 fuimos beneficiarios un proyecto LIFE de la UE con aproximadamente un prsupuesto de 3.5 millones de euros, \u00fanico en reciclaje de barcos en europa y que supuso entre otras cosas la ayuda para el desarrollo del reglamento de reciclaje de buques en Europa.<\/p>\n<p>Trabajamos con armadores, navieras, clasificadoras y gestores de flota de todo el mundo, ofreciendo soluciones personalizadas que cumplen con los m\u00e1s altos est\u00e1ndares internacionales, entre ellos:<\/p>\n<ul>\n<li>Convenci\u00f3n de Hong Kong para el reciclaje seguro y ecol\u00f3gico de buques (2009)<\/li>\n<li>Reglamento Europeo de Reciclaje de Buques (EU SRR)<\/li>\n<li>Normas ISO 9001 de Gesti\u00f3n de la Calidad, ISO 14001 (Gesti\u00f3n Ambiental) e ISO 45001 (Seguridad Ocupacional)<\/li>\n<li>Auditor\u00edas SOCRA (Statement of Compliance on Recycling Activities)<\/li>\n<\/ul>\n<\/div><\/div><\/div><div class=\"fusion-layout-column fusion_builder_column fusion-builder-column-3 fusion_builder_column_1_2 1_2 fusion-flex-column fusion-animated\" style=\"--awb-bg-size:cover;--awb-width-large:50%;--awb-margin-top-large:0px;--awb-spacing-right-large:3.84%;--awb-margin-bottom-large:20px;--awb-spacing-left-large:3.84%;--awb-width-medium:50%;--awb-spacing-right-medium:3.84%;--awb-spacing-left-medium:3.84%;--awb-width-small:100%;--awb-spacing-right-small:1.92%;--awb-spacing-left-small:1.92%;\" data-animationType=\"fadeInRight\" data-animationDuration=\"1.0\" data-animationOffset=\"top-into-view\"><div class=\"fusion-column-wrapper fusion-column-has-shadow fusion-flex-justify-content-flex-start fusion-content-layout-column\"><div class=\"fusion-image-element \" style=\"--awb-caption-title-font-family:var(--h2_typography-font-family);--awb-caption-title-font-weight:var(--h2_typography-font-weight);--awb-caption-title-font-style:var(--h2_typography-font-style);--awb-caption-title-size:var(--h2_typography-font-size);--awb-caption-title-transform:var(--h2_typography-text-transform);--awb-caption-title-line-height:var(--h2_typography-line-height);--awb-caption-title-letter-spacing:var(--h2_typography-letter-spacing);\"><span class=\" fusion-imageframe imageframe-none imageframe-2 hover-type-none\" style=\"border-radius:8px;\"><img decoding=\"async\" width=\"1125\" height=\"944\" title=\"nuestrosservicios\" src=\"https:\/\/recyship.com\/wp-content\/uploads\/2025\/07\/nuestrosservicios.jpg\" data-orig-src=\"https:\/\/recyship.com\/wp-content\/uploads\/2025\/07\/nuestrosservicios.jpg\" alt class=\"lazyload img-responsive wp-image-1151\" srcset=\"data:image\/svg+xml,%3Csvg%20xmlns%3D%27http%3A%2F%2Fwww.w3.org%2F2000%2Fsvg%27%20width%3D%271125%27%20height%3D%27944%27%20viewBox%3D%270%200%201125%20944%27%3E%3Crect%20width%3D%271125%27%20height%3D%27944%27%20fill-opacity%3D%220%22%2F%3E%3C%2Fsvg%3E\" data-srcset=\"https:\/\/recyship.com\/wp-content\/uploads\/2025\/07\/nuestrosservicios-200x168.jpg 200w, https:\/\/recyship.com\/wp-content\/uploads\/2025\/07\/nuestrosservicios-400x336.jpg 400w, https:\/\/recyship.com\/wp-content\/uploads\/2025\/07\/nuestrosservicios-600x503.jpg 600w, https:\/\/recyship.com\/wp-content\/uploads\/2025\/07\/nuestrosservicios-800x671.jpg 800w, https:\/\/recyship.com\/wp-content\/uploads\/2025\/07\/nuestrosservicios.jpg 1125w\" data-sizes=\"auto\" data-orig-sizes=\"(max-width: 700px) 100vw, 600px\" \/><\/span><\/div><\/div><\/div><\/div><\/div><div class=\"fusion-fullwidth fullwidth-box fusion-builder-row-3 fusion-flex-container has-pattern-background has-mask-background nonhundred-percent-fullwidth non-hundred-percent-height-scrolling\" style=\"--awb-border-radius-top-left:0px;--awb-border-radius-top-right:0px;--awb-border-radius-bottom-right:0px;--awb-border-radius-bottom-left:0px;--awb-padding-top:2%;--awb-padding-bottom:2%;--awb-flex-wrap:wrap;\" ><div class=\"fusion-builder-row fusion-row fusion-flex-align-items-stretch fusion-flex-content-wrap\" style=\"max-width:1248px;margin-left: calc(-4% \/ 2 );margin-right: calc(-4% \/ 2 );\"><div class=\"fusion-layout-column fusion_builder_column fusion-builder-column-4 fusion_builder_column_1_2 1_2 fusion-flex-column fusion-animated\" style=\"--awb-bg-size:cover;--awb-width-large:50%;--awb-margin-top-large:0px;--awb-spacing-right-large:3.84%;--awb-margin-bottom-large:20px;--awb-spacing-left-large:3.84%;--awb-width-medium:50%;--awb-spacing-right-medium:3.84%;--awb-spacing-left-medium:3.84%;--awb-width-small:100%;--awb-spacing-right-small:1.92%;--awb-spacing-left-small:1.92%;\" data-animationType=\"fadeInRight\" data-animationDuration=\"1.0\" data-animationOffset=\"top-into-view\"><div class=\"fusion-column-wrapper fusion-column-has-shadow fusion-flex-justify-content-flex-start fusion-content-layout-column\"><div class=\"fusion-image-element \" style=\"--awb-caption-title-font-family:var(--h2_typography-font-family);--awb-caption-title-font-weight:var(--h2_typography-font-weight);--awb-caption-title-font-style:var(--h2_typography-font-style);--awb-caption-title-size:var(--h2_typography-font-size);--awb-caption-title-transform:var(--h2_typography-text-transform);--awb-caption-title-line-height:var(--h2_typography-line-height);--awb-caption-title-letter-spacing:var(--h2_typography-letter-spacing);\"><span class=\" fusion-imageframe imageframe-none imageframe-3 hover-type-none\" style=\"border-radius:8px;\"><img decoding=\"async\" width=\"1024\" height=\"1024\" title=\"misionvision\" src=\"https:\/\/recyship.com\/wp-content\/uploads\/2025\/08\/misionvision.jpg\" data-orig-src=\"https:\/\/recyship.com\/wp-content\/uploads\/2025\/08\/misionvision.jpg\" alt class=\"lazyload img-responsive wp-image-2322\" srcset=\"data:image\/svg+xml,%3Csvg%20xmlns%3D%27http%3A%2F%2Fwww.w3.org%2F2000%2Fsvg%27%20width%3D%271024%27%20height%3D%271024%27%20viewBox%3D%270%200%201024%201024%27%3E%3Crect%20width%3D%271024%27%20height%3D%271024%27%20fill-opacity%3D%220%22%2F%3E%3C%2Fsvg%3E\" data-srcset=\"https:\/\/recyship.com\/wp-content\/uploads\/2025\/08\/misionvision-200x200.jpg 200w, https:\/\/recyship.com\/wp-content\/uploads\/2025\/08\/misionvision-400x400.jpg 400w, https:\/\/recyship.com\/wp-content\/uploads\/2025\/08\/misionvision-600x600.jpg 600w, https:\/\/recyship.com\/wp-content\/uploads\/2025\/08\/misionvision-800x800.jpg 800w, https:\/\/recyship.com\/wp-content\/uploads\/2025\/08\/misionvision.jpg 1024w\" data-sizes=\"auto\" data-orig-sizes=\"(max-width: 700px) 100vw, 600px\" \/><\/span><\/div><\/div><\/div><div class=\"fusion-layout-column fusion_builder_column fusion-builder-column-5 fusion_builder_column_1_2 1_2 fusion-flex-column fusion-animated\" style=\"--awb-bg-size:cover;--awb-width-large:50%;--awb-margin-top-large:0px;--awb-spacing-right-large:3.84%;--awb-margin-bottom-large:20px;--awb-spacing-left-large:3.84%;--awb-width-medium:50%;--awb-order-medium:0;--awb-spacing-right-medium:3.84%;--awb-spacing-left-medium:3.84%;--awb-width-small:100%;--awb-order-small:0;--awb-spacing-right-small:1.92%;--awb-spacing-left-small:1.92%;\" data-animationType=\"fadeInLeft\" data-animationDuration=\"1.0\" data-animationOffset=\"top-into-view\" data-scroll-devices=\"small-visibility,medium-visibility,large-visibility\"><div class=\"fusion-column-wrapper fusion-column-has-shadow fusion-flex-justify-content-flex-start fusion-content-layout-column\"><div class=\"fusion-text fusion-text-3\"><p>Nuestro compromiso no termina con el desmantelamiento: garantizamos la trazabilidad completa de todos los materiales, as\u00ed como el trato digno y seguro de nuestro personal, en l\u00ednea con los principios de las Naciones Unidas sobre derechos humanos y trabajo decente.<\/p>\n<p><strong>Misi\u00f3n<\/strong><br \/>\nReciclar buques con responsabilidad, innovaci\u00f3n y respeto por el medio ambiente, generando valor sostenible para nuestros clientes y para el planeta.<\/p>\n<p><strong>Visi\u00f3n<\/strong><br \/>\nSer la referencia global en reciclaje mar\u00edtimo sostenible, impulsando una industria m\u00e1s limpia, segura y circular.<\/p>\n<\/div><div class=\"fusion-text fusion-text-4\" style=\"--awb-margin-top:20px;\"><h2>Nuestras certificaciones<\/h2>\n<\/div><div class=\"fusion-image-element \" style=\"--awb-caption-title-font-family:var(--h2_typography-font-family);--awb-caption-title-font-weight:var(--h2_typography-font-weight);--awb-caption-title-font-style:var(--h2_typography-font-style);--awb-caption-title-size:var(--h2_typography-font-size);--awb-caption-title-transform:var(--h2_typography-text-transform);--awb-caption-title-line-height:var(--h2_typography-line-height);--awb-caption-title-letter-spacing:var(--h2_typography-letter-spacing);\"><span class=\" fusion-imageframe imageframe-none imageframe-4 hover-type-none\"><img decoding=\"async\" width=\"400\" height=\"117\" title=\"ISO9001-14001-45001-768&#215;225\" src=\"https:\/\/recyship.com\/wp-content\/uploads\/2025\/09\/ISO9001-14001-45001-768x225-1.png\" data-orig-src=\"https:\/\/recyship.com\/wp-content\/uploads\/2025\/09\/ISO9001-14001-45001-768x225-1-400x117.png\" alt class=\"lazyload img-responsive wp-image-2613\" srcset=\"data:image\/svg+xml,%3Csvg%20xmlns%3D%27http%3A%2F%2Fwww.w3.org%2F2000%2Fsvg%27%20width%3D%27768%27%20height%3D%27225%27%20viewBox%3D%270%200%20768%20225%27%3E%3Crect%20width%3D%27768%27%20height%3D%27225%27%20fill-opacity%3D%220%22%2F%3E%3C%2Fsvg%3E\" data-srcset=\"https:\/\/recyship.com\/wp-content\/uploads\/2025\/09\/ISO9001-14001-45001-768x225-1-200x59.png 200w, https:\/\/recyship.com\/wp-content\/uploads\/2025\/09\/ISO9001-14001-45001-768x225-1-400x117.png 400w, https:\/\/recyship.com\/wp-content\/uploads\/2025\/09\/ISO9001-14001-45001-768x225-1-600x176.png 600w, https:\/\/recyship.com\/wp-content\/uploads\/2025\/09\/ISO9001-14001-45001-768x225-1.png 768w\" data-sizes=\"auto\" data-orig-sizes=\"(max-width: 700px) 100vw, 600px\" \/><\/span><\/div><\/div><\/div><\/div><\/div><\/p>\n","protected":false},"excerpt":{"rendered":"","protected":false},"author":1,"featured_media":0,"parent":0,"menu_order":0,"comment_status":"closed","ping_status":"closed","template":"100-width.php","meta":{"footnotes":""},"class_list":["post-2475","page","type-page","status-publish","hentry"],"_links":{"self":[{"href":"https:\/\/recyship.com\/index.php?rest_route=\/wp\/v2\/pages\/2475","targetHints":{"allow":["GET"]}}],"collection":[{"href":"https:\/\/recyship.com\/index.php?rest_route=\/wp\/v2\/pages"}],"about":[{"href":"https:\/\/recyship.com\/index.php?rest_route=\/wp\/v2\/types\/page"}],"author":[{"embeddable":true,"href":"https:\/\/recyship.com\/index.php?rest_route=\/wp\/v2\/users\/1"}],"replies":[{"embeddable":true,"href":"https:\/\/recyship.com\/index.php?rest_route=%2Fwp%2Fv2%2Fcomments&post=2475"}],"version-history":[{"count":5,"href":"https:\/\/recyship.com\/index.php?rest_route=\/wp\/v2\/pages\/2475\/revisions"}],"predecessor-version":[{"id":2623,"href":"https:\/\/recyship.com\/index.php?rest_route=\/wp\/v2\/pages\/2475\/revisions\/2623"}],"wp:attachment":[{"href":"https:\/\/recyship.com\/index.php?rest_route=%2Fwp%2Fv2%2Fmedia&parent=2475"}],"curies":[{"name":"wp","href":"https:\/\/api.w.org\/{rel}","templated":true}]}}