{"id":2576,"date":"2025-09-12T21:17:20","date_gmt":"2025-09-12T21:17:20","guid":{"rendered":"https:\/\/recyship.com\/?page_id=2576&#038;lang=es"},"modified":"2025-09-12T21:30:16","modified_gmt":"2025-09-12T21:30:16","slug":"politica-de-cookies","status":"publish","type":"page","link":"https:\/\/recyship.com\/?page_id=2576&lang=es","title":{"rendered":"Reciclaje de buques"},"content":{"rendered":"<div class=\"fusion-fullwidth fullwidth-box fusion-builder-row-1 fusion-flex-container nonhundred-percent-fullwidth non-hundred-percent-height-scrolling\" style=\"--awb-border-radius-top-left:0px;--awb-border-radius-top-right:0px;--awb-border-radius-bottom-right:0px;--awb-border-radius-bottom-left:0px;--awb-padding-right:0px;--awb-padding-left:0px;--awb-flex-wrap:wrap;\" ><div class=\"fusion-builder-row fusion-row fusion-flex-align-items-flex-start fusion-flex-content-wrap\" style=\"max-width:1248px;margin-left: calc(-4% \/ 2 );margin-right: calc(-4% \/ 2 );\"><div class=\"fusion-layout-column fusion_builder_column fusion-builder-column-0 fusion_builder_column_1_1 1_1 fusion-flex-column fusion-animated\" style=\"--awb-bg-size:cover;--awb-width-large:100%;--awb-margin-top-large:0px;--awb-spacing-right-large:1.92%;--awb-margin-bottom-large:20px;--awb-spacing-left-large:1.92%;--awb-width-medium:100%;--awb-spacing-right-medium:1.92%;--awb-spacing-left-medium:1.92%;--awb-width-small:100%;--awb-spacing-right-small:1.92%;--awb-spacing-left-small:1.92%;\" data-animationType=\"fadeInUp\" data-animationDuration=\"1.0\" data-animationOffset=\"top-into-view\"><div class=\"fusion-column-wrapper fusion-column-has-shadow fusion-flex-justify-content-flex-start fusion-content-layout-column\"><div class=\"fusion-title title fusion-title-1 fusion-sep-none fusion-title-text fusion-title-size-three\" style=\"--awb-margin-top:40px;--awb-margin-bottom:30px;--awb-margin-top-small:40px;--awb-margin-bottom-small:30px;\"><h3 class=\"fusion-title-heading title-heading-left\" style=\"margin:0;\">Reciclaje de buques<\/h3><\/div><div class=\"fusion-text fusion-text-1\"><p data-start=\"53\" data-end=\"444\"><strong data-start=\"53\" data-end=\"200\">El reciclaje de buques se refiere al desmantelamiento y tratamiento responsable de embarcaciones que han llegado al final de su vida operativa.<\/strong> En lugar de permitir que estos barcos se conviertan en un riesgo ambiental o permanezcan inactivos, el proceso de reciclaje garantiza que sean desmontados cuidadosamente cumpliendo con las normas internacionales de seguridad y medioambiente.<\/p>\n<p data-start=\"446\" data-end=\"941\">Durante el desmantelamiento, <strong data-start=\"475\" data-end=\"554\">se recuperan materias primas valiosas como el acero, el cobre y el aluminio<\/strong>, que son limpiadas y reintroducidas en la cadena de suministro global, apoyando as\u00ed la econom\u00eda circular y reduciendo la demanda de recursos reci\u00e9n extra\u00eddos. Al mismo tiempo, <strong data-start=\"731\" data-end=\"884\">los componentes peligrosos \u2014como el amianto, aceites o residuos qu\u00edmicos\u2014 se identifican, contienen y eliminan bajo estrictos protocolos de seguridad<\/strong>, protegiendo tanto a los trabajadores como al entorno.<\/p>\n<p data-start=\"943\" data-end=\"1253\">De este modo, el reciclaje de buques contribuye no solo a la <strong data-start=\"1004\" data-end=\"1057\">sostenibilidad y eficiencia en el uso de recursos<\/strong>, sino tambi\u00e9n a la <strong data-start=\"1077\" data-end=\"1130\">seguridad mar\u00edtima y la protecci\u00f3n medioambiental<\/strong>, transformando el final del ciclo de vida de una embarcaci\u00f3n en una oportunidad para la gesti\u00f3n responsable de recursos.<\/p>\n<\/div><\/div><\/div><\/div><\/div>\n","protected":false},"excerpt":{"rendered":"","protected":false},"author":1,"featured_media":1225,"parent":1024,"menu_order":0,"comment_status":"closed","ping_status":"closed","template":"100-width.php","meta":{"footnotes":""},"class_list":["post-2576","page","type-page","status-publish","has-post-thumbnail","hentry"],"_links":{"self":[{"href":"https:\/\/recyship.com\/index.php?rest_route=\/wp\/v2\/pages\/2576","targetHints":{"allow":["GET"]}}],"collection":[{"href":"https:\/\/recyship.com\/index.php?rest_route=\/wp\/v2\/pages"}],"about":[{"href":"https:\/\/recyship.com\/index.php?rest_route=\/wp\/v2\/types\/page"}],"author":[{"embeddable":true,"href":"https:\/\/recyship.com\/index.php?rest_route=\/wp\/v2\/users\/1"}],"replies":[{"embeddable":true,"href":"https:\/\/recyship.com\/index.php?rest_route=%2Fwp%2Fv2%2Fcomments&post=2576"}],"version-history":[{"count":2,"href":"https:\/\/recyship.com\/index.php?rest_route=\/wp\/v2\/pages\/2576\/revisions"}],"predecessor-version":[{"id":2578,"href":"https:\/\/recyship.com\/index.php?rest_route=\/wp\/v2\/pages\/2576\/revisions\/2578"}],"up":[{"embeddable":true,"href":"https:\/\/recyship.com\/index.php?rest_route=\/wp\/v2\/pages\/1024"}],"wp:featuredmedia":[{"embeddable":true,"href":"https:\/\/recyship.com\/index.php?rest_route=\/wp\/v2\/media\/1225"}],"wp:attachment":[{"href":"https:\/\/recyship.com\/index.php?rest_route=%2Fwp%2Fv2%2Fmedia&parent=2576"}],"curies":[{"name":"wp","href":"https:\/\/api.w.org\/{rel}","templated":true}]}}