{"id":2593,"date":"2025-09-12T21:34:05","date_gmt":"2025-09-12T21:34:05","guid":{"rendered":"https:\/\/recyship.com\/?page_id=2593"},"modified":"2025-09-12T21:36:11","modified_gmt":"2025-09-12T21:36:11","slug":"politica-de-cookies","status":"publish","type":"page","link":"https:\/\/recyship.com\/?page_id=2593&lang=es","title":{"rendered":"Pol\u00edtica de cookies"},"content":{"rendered":"<div class=\"fusion-fullwidth fullwidth-box fusion-builder-row-1 fusion-flex-container nonhundred-percent-fullwidth non-hundred-percent-height-scrolling\" style=\"--awb-border-radius-top-left:0px;--awb-border-radius-top-right:0px;--awb-border-radius-bottom-right:0px;--awb-border-radius-bottom-left:0px;--awb-padding-top:6%;--awb-padding-bottom:6%;--awb-flex-wrap:wrap;\" ><div class=\"fusion-builder-row fusion-row fusion-flex-align-items-flex-start fusion-flex-content-wrap\" style=\"max-width:calc( 1200px + 0px );margin-left: calc(-0px \/ 2 );margin-right: calc(-0px \/ 2 );\"><div class=\"fusion-layout-column fusion_builder_column fusion-builder-column-0 fusion_builder_column_1_1 1_1 fusion-flex-column fusion-animated\" style=\"--awb-bg-size:cover;--awb-width-large:100%;--awb-margin-top-large:0px;--awb-spacing-right-large:0px;--awb-margin-bottom-large:20px;--awb-spacing-left-large:0px;--awb-width-medium:100%;--awb-spacing-right-medium:0px;--awb-spacing-left-medium:0px;--awb-width-small:100%;--awb-spacing-right-small:0px;--awb-spacing-left-small:0px;\" data-animationType=\"fadeInUp\" data-animationDuration=\"1.0\" data-animationOffset=\"top-into-view\"><div class=\"fusion-column-wrapper fusion-column-has-shadow fusion-flex-justify-content-flex-start fusion-content-layout-column\"><div class=\"fusion-title title fusion-title-1 fusion-sep-none fusion-title-text fusion-title-size-three\"><h3 class=\"fusion-title-heading title-heading-left\" style=\"margin:0;\">Pol\u00edtica de cookies<\/h3><\/div><\/div><\/div><div class=\"fusion-layout-column fusion_builder_column fusion-builder-column-1 fusion_builder_column_1_1 1_1 fusion-flex-column fusion-animated\" style=\"--awb-bg-size:cover;--awb-width-large:100%;--awb-margin-top-large:0px;--awb-spacing-right-large:0px;--awb-margin-bottom-large:20px;--awb-spacing-left-large:0px;--awb-width-medium:100%;--awb-spacing-right-medium:0px;--awb-spacing-left-medium:0px;--awb-width-small:100%;--awb-spacing-right-small:0px;--awb-spacing-left-small:0px;\" data-animationType=\"fadeInUp\" data-animationDuration=\"1.0\" data-animationOffset=\"top-into-view\"><div class=\"fusion-column-wrapper fusion-column-has-shadow fusion-flex-justify-content-flex-start fusion-content-layout-column\"><div class=\"fusion-text fusion-text-1\"><p><strong>\u00bfQu\u00e9 son las cookies?<\/strong><\/p>\n<p>Las cookies son peque\u00f1os archivos de datos que se reciben en el terminal desde el sitio Web visitado y se usan para registrar ciertas interacciones de la navegaci\u00f3n en un sitio Web almacenando datos que podr\u00e1n ser actualizados y recuperados. Estos archivos se almacenan en el ordenador del usuario y contiene datos an\u00f3nimos que no son perjudiciales para su equipo. Se utilizan para recordar las preferencias del usuario, como el idioma seleccionado, datos de acceso o personalizaci\u00f3n de la p\u00e1gina.<\/p>\n<p>Las cookies tambi\u00e9n pueden ser utilizadas para registrar informaci\u00f3n an\u00f3nima acerca de c\u00f3mo un visitante utiliza un sitio. Por ejemplo, desde qu\u00e9 p\u00e1gina Web ha accedido, o si ha utilizado un \u201cbanner\u201d publicitario para llegar.<\/p>\n<p>Dispone de m\u00e1s informaci\u00f3n sobre las cookies en: M\u00e1s informaci\u00f3n<\/p>\n<p><strong>\u00bfPor qu\u00e9 RECYSHIP.COM utiliza cookies?<\/strong><\/p>\n<p>RECYSHIP.COM utiliza cookies estrictamente necesarias y esenciales para que usted utilice nuestros sitios Web y le permitan moverse libremente, utilizar \u00e1reas seguras, opciones personalizadas, etc. Adem\u00e1s, utiliza cookies que recogen datos relativos al an\u00e1lisis de uso de la Web. \u00c9stas se utilizan para ayudar a mejorar el servicio al cliente, midiendo el uso y el rendimiento de la p\u00e1gina, para optimizarla y personalizarla.<\/p>\n<p><strong>\u00bfQu\u00e9 tipos de cookies usamos?<\/strong><\/p>\n<p>Cookies de sesi\u00f3n: son cookies temporales que permanecen en el archivo de cookies de su navegador hasta que abandone la p\u00e1gina web, por lo que ninguna queda registrada en el disco duro del usuario. La informaci\u00f3n obtenida por medio de estas cookies, sirven para analizar pautas de tr\u00e1fico en la web. A la larga, esto nos permite proporcionar una mejor experiencia para mejorar el contenido de la Web y facilitando su uso.<\/p>\n<p>Cookies permanentes: son almacenadas en el disco duro y la web las detecta cada vez que el usuario realiza una nueva visita. Una web permanente posee una fecha de expiraci\u00f3n determinada. La cookie dejar\u00e1 de funcionar despu\u00e9s de esa fecha. Se utilizan generalmente para facilitar, por ejemplo, los servicios de registro.<\/p>\n<p>Cookies t\u00e9cnicas: Las cookies t\u00e9cnicas son aquellas imprescindibles y estrictamente necesarias para el correcto funcionamiento de un portal Web y la utilizaci\u00f3n de las diferentes opciones y servicios que ofrece. Por ejemplo, las que sirven para el mantenimiento de la sesi\u00f3n, la gesti\u00f3n del tiempo de respuesta, rendimiento o validaci\u00f3n de opciones, utilizar elementos de seguridad, compartir contenido con redes sociales, etc.<\/p>\n<p>Cookies de personalizaci\u00f3n: Estas cookies permiten al usuario especificar o personalizar algunas caracter\u00edsticas de las opciones generales de la p\u00e1gina Web, Por ejemplo, definir el idioma, configuraci\u00f3n regional o tipo de navegador.<\/p>\n<p>Cookies anal\u00edticas: Las cookies anal\u00edticas son las utilizadas por nuestros portales Web, para elaborar an\u00e1lisis del comportamiento de los usuarios en los sitios web y perfiles de navegaci\u00f3n, as\u00ed como para conocer las preferencias de los usuarios con el fin de mejorar la oferta de productos y servicios. Por ejemplo, mediante una cookie anal\u00edtica se controlar\u00edan las \u00e1reas geogr\u00e1ficas de mayor inter\u00e9s de un usuario, cu\u00e1l es el producto de m\u00e1s aceptaci\u00f3n, etc<\/p>\n<p>Cookies publicitarias: Son aqu\u00e9llas que permiten la gesti\u00f3n eficaz de los espacios publicitarios que se han incluido en la p\u00e1gina web o aplicaci\u00f3n desde la que se presta el servicio. Permiten adecuar el contenido de la publicidad para que esta sea relevante para el usuario y para evitar mostrar anuncios que el usuario ya haya visto.<\/p>\n<p>Cookies de redes sociales: Para facilitar que el usuario pueda compartir contenidos de la p\u00e1gina web en distintas redes sociales, se han incluido botones espec\u00edficos. Estos botones pueden suponer que la red social a la que enlacen instalen cookies que, no estando bajo el control de RECYSHIP.COM, pueden tener la finalidad de gestionar el inicio de sesi\u00f3n del usuario en la red social, el mantenimiento de dicha sesi\u00f3n, o mostrar el contador sobre cuantas veces se ha compartido un determinado contenido en cada red social. Recomendamos a los usuarios que revisen regularmente las pol\u00edticas de privacidad y de cookies de cada red social y, en su caso, modifiquen los par\u00e1metros de privacidad de cada una de ellas para limitar las finalidades de rastreo que puedan llevar a cabo y ajustar dichos par\u00e1metros a sus propios intereses.<\/p>\n<p>Es posible que, al visitar una p\u00e1gina Web se publique un anuncio o una promoci\u00f3n sobre nuestros productos o servicios, se instale en el navegador alguna Cookie que nos sirve para desarrollar un control de nuestros anuncios en relaci\u00f3n, por ejemplo, con el n\u00famero de veces que son vistos, donde aparecen, a qu\u00e9 hora se ven, etc.<\/p>\n<p>Puede ocurrir que algunas Cookies utilizadas en esta Web no est\u00e9n relacionadas con RECYSHIP.COM. Ello se debe a que algunas p\u00e1ginas de la Web tienen insertado contenido procedente de Webs de terceras partes. Debido a que el referido contenido procede de otra Web, RECYSHIP.COM no controla la configuraci\u00f3n de dichas Cookies. Si Usted quiere cambiar sus preferencias de configuraci\u00f3n de Cookies, deber\u00e1 consultar los sitios Web de dichas terceras partes para obtener informaci\u00f3n.<\/p>\n<p>Cookies Anal\u00edticas<\/p>\n<p>Proveedor: Google Analytics (Google)<br \/>\nM\u00e1s informaci\u00f3n:http:\/\/www.google.com\/analytics\/<br \/>\nCookies Redes Sociales<\/p>\n<p>Red social: Facebook<br \/>\nM\u00e1s informaci\u00f3n:https:\/\/www.facebook.com\/help\/cookies\/<br \/>\nRed social: Twitter<br \/>\nM\u00e1s informaci\u00f3n:https:\/\/support.twitter.com\/articles\/20170521-el-uso-que-hace-twitter-de-cookies-y-tecnologias-similares<br \/>\nRed social: Google Plus<br \/>\nM\u00e1s informaci\u00f3n: https:\/\/www.google.es\/intl\/es\/policies\/technologies\/types\/<br \/>\nRed social: Instagram<br \/>\nM\u00e1s informaci\u00f3n: https:\/\/help.instagram.com\/155833707900388<br \/>\nRed social: Youtube<br \/>\nM\u00e1s informaci\u00f3n: http:\/\/www.canalyoutube.es\/politica-de-cookies\/<br \/>\nRed social: Pinterest<br \/>\nM\u00e1s informaci\u00f3n: https:\/\/about.pinterest.com\/es\/cookie-policy<\/p>\n<p><strong>\u00bfY si no quiero tener estas cookies o no hago nada al respecto?<\/strong><\/p>\n<p>Para cumplir con la legislaci\u00f3n vigente, tenemos que pedir su permiso para gestionar cookies. Si decide no autorizar el tratamiento indic\u00e1ndonos su no conformidad, s\u00f3lo usar\u00edamos las cookies t\u00e9cnicas, puesto que son imprescindibles para la navegaci\u00f3n por nuestra Web. En este caso, no almacenar\u00edamos ninguna cookie. En el caso de seguir navegando por nuestro sitio Web sin denegar su autorizaci\u00f3n implica que acepta su uso.<\/p>\n<p>Tenga en cuenta que si rechaza o borra las cookies de navegaci\u00f3n por la Web, no podremos mantener sus preferencias, algunas caracter\u00edsticas de las p\u00e1ginas no estar\u00e1n operativas, no podremos ofrecerle servicios personalizados y cada vez que vaya a navegar tendremos que solicitarle de nuevo su autorizaci\u00f3n para el uso de cookies.<\/p>\n<p>Si a\u00fan as\u00ed, decide modificar la configuraci\u00f3n de su acceso a la p\u00e1gina Web, debe saber que es posible eliminar las cookies o impedir que se registre esta informaci\u00f3n en su equipo mediante la modificaci\u00f3n de los par\u00e1metros de configuraci\u00f3n de su navegador.<\/p>\n<p>Adem\u00e1s, puede retirar en cualquier momento el consentimiento relacionado con la presente Pol\u00edtica de Cookies, eliminando las cookies almacenadas en su equipo a trav\u00e9s de los ajustes y configuraciones de su navegador de Internet.<\/p>\n<p>Chrome: desde http:\/\/support.google.com\/chrome\/bin\/answer.py?hl=es&amp;answer=95647<\/p>\n<p>Explorer: desde http:\/\/windows.microsoft.com\/es-es\/windows7\/how-to-manage-Cookies-in-internet-explorer-9<\/p>\n<p>Firefox: desde http:\/\/support.mozilla.org\/es\/kb\/habilitar-y-deshabilitar-Cookies-que-los-sitios-we<\/p>\n<p>Safari: desde http:\/\/support.apple.com\/kb\/ph5042<\/p>\n<p>Finalmente, si desea tener un mayor control sobre la instalaci\u00f3n de Cookies, puede instalar programas o complementos a su navegador, conocidos como herramientas de \u201cDo Not Track\u201d, que le permitir\u00e1n escoger aquellas Cookies que desea permitir.<\/p>\n<\/div><\/div><\/div><\/div><\/div>\n","protected":false},"excerpt":{"rendered":"","protected":false},"author":1,"featured_media":210,"parent":0,"menu_order":0,"comment_status":"closed","ping_status":"closed","template":"100-width.php","meta":{"footnotes":""},"class_list":["post-2593","page","type-page","status-publish","has-post-thumbnail","hentry"],"_links":{"self":[{"href":"https:\/\/recyship.com\/index.php?rest_route=\/wp\/v2\/pages\/2593","targetHints":{"allow":["GET"]}}],"collection":[{"href":"https:\/\/recyship.com\/index.php?rest_route=\/wp\/v2\/pages"}],"about":[{"href":"https:\/\/recyship.com\/index.php?rest_route=\/wp\/v2\/types\/page"}],"author":[{"embeddable":true,"href":"https:\/\/recyship.com\/index.php?rest_route=\/wp\/v2\/users\/1"}],"replies":[{"embeddable":true,"href":"https:\/\/recyship.com\/index.php?rest_route=%2Fwp%2Fv2%2Fcomments&post=2593"}],"version-history":[{"count":2,"href":"https:\/\/recyship.com\/index.php?rest_route=\/wp\/v2\/pages\/2593\/revisions"}],"predecessor-version":[{"id":2597,"href":"https:\/\/recyship.com\/index.php?rest_route=\/wp\/v2\/pages\/2593\/revisions\/2597"}],"wp:featuredmedia":[{"embeddable":true,"href":"https:\/\/recyship.com\/index.php?rest_route=\/wp\/v2\/media\/210"}],"wp:attachment":[{"href":"https:\/\/recyship.com\/index.php?rest_route=%2Fwp%2Fv2%2Fmedia&parent=2593"}],"curies":[{"name":"wp","href":"https:\/\/api.w.org\/{rel}","templated":true}]}}