{"id":2452,"date":"2025-09-01T08:23:21","date_gmt":"2025-09-01T08:23:21","guid":{"rendered":"https:\/\/recyship.com\/?post_type=product&#038;p=2452"},"modified":"2025-09-18T20:32:46","modified_gmt":"2025-09-18T20:32:46","slug":"mesa-trazadora-del-submarino-marsopa","status":"publish","type":"product","link":"https:\/\/recyship.com\/?product=mesa-trazadora-del-submarino-marsopa&lang=es","title":{"rendered":"Mesa trazadora del submarino Marsopa"},"content":{"rendered":"<p>La <strong data-start=\"143\" data-end=\"189\">mesa trazadora del submarino clase Marsopa<\/strong> era un elemento esencial en la central de navegaci\u00f3n, utilizada por los oficiales para representar gr\u00e1ficamente la posici\u00f3n, rumbo y maniobras del buque en tiempo real. Sobre su superficie se trazaban las derrotas y se calculaban los movimientos propios y los de posibles contactos enemigos, integrando datos de los sistemas de navegaci\u00f3n y de escucha sonar. Su dise\u00f1o robusto y funcional permit\u00eda trabajar en condiciones de mar exigentes, facilitando la coordinaci\u00f3n entre el equipo de mando y garantizando la seguridad en la navegaci\u00f3n y las operaciones t\u00e1cticas.<\/p>\n","protected":false},"excerpt":{"rendered":"<p>Mesa trazadora del submarino Marsopa, empleada para representar la posici\u00f3n y maniobras del buque, as\u00ed como para el c\u00e1lculo y seguimiento t\u00e1ctico en operaciones navales.<\/p>\n","protected":false},"featured_media":2453,"comment_status":"open","ping_status":"closed","template":"","meta":[],"product_brand":[],"product_cat":[100],"product_tag":[],"class_list":{"0":"post-2452","1":"product","2":"type-product","3":"status-publish","4":"has-post-thumbnail","6":"product_cat-uncategorized-es","8":"first","9":"instock","10":"shipping-taxable","11":"purchasable","12":"product-type-simple"},"_links":{"self":[{"href":"https:\/\/recyship.com\/index.php?rest_route=\/wp\/v2\/product\/2452","targetHints":{"allow":["GET"]}}],"collection":[{"href":"https:\/\/recyship.com\/index.php?rest_route=\/wp\/v2\/product"}],"about":[{"href":"https:\/\/recyship.com\/index.php?rest_route=\/wp\/v2\/types\/product"}],"replies":[{"embeddable":true,"href":"https:\/\/recyship.com\/index.php?rest_route=%2Fwp%2Fv2%2Fcomments&post=2452"}],"wp:featuredmedia":[{"embeddable":true,"href":"https:\/\/recyship.com\/index.php?rest_route=\/wp\/v2\/media\/2453"}],"wp:attachment":[{"href":"https:\/\/recyship.com\/index.php?rest_route=%2Fwp%2Fv2%2Fmedia&parent=2452"}],"wp:term":[{"taxonomy":"product_brand","embeddable":true,"href":"https:\/\/recyship.com\/index.php?rest_route=%2Fwp%2Fv2%2Fproduct_brand&post=2452"},{"taxonomy":"product_cat","embeddable":true,"href":"https:\/\/recyship.com\/index.php?rest_route=%2Fwp%2Fv2%2Fproduct_cat&post=2452"},{"taxonomy":"product_tag","embeddable":true,"href":"https:\/\/recyship.com\/index.php?rest_route=%2Fwp%2Fv2%2Fproduct_tag&post=2452"}],"curies":[{"name":"wp","href":"https:\/\/api.w.org\/{rel}","templated":true}]}}